{"id":250,"date":"2020-03-28T18:25:24","date_gmt":"2020-03-28T15:25:24","guid":{"rendered":"http:\/\/www.teosteknik.com\/?page_id=250"},"modified":"2020-04-07T22:45:38","modified_gmt":"2020-04-07T19:45:38","slug":"york-hitachi-klima","status":"publish","type":"page","link":"https:\/\/www.teosteknik.com\/index.php\/urunlerimiz\/york-hitachi-klima\/","title":{"rendered":"YORK-H\u0130TACH\u0130 KL\u0130MA EV"},"content":{"rendered":"\n<div class=\"wp-block-columns is-layout-flex wp-container-core-columns-is-layout-9d6595d7 wp-block-columns-is-layout-flex\">\n<div class=\"wp-block-column is-layout-flow wp-block-column-is-layout-flow\">\n<figure class=\"wp-block-image size-large is-style-default\"><a href=\"https:\/\/www.hitachiaircon-turkey.com\/evinizde\/so%C4%9Futma\"><img decoding=\"async\" width=\"291\" height=\"73\" src=\"http:\/\/www.teosteknik.com\/wp-content\/uploads\/2020\/03\/slider2.jpg\" alt=\"\" class=\"wp-image-67\"\/><\/a><\/figure>\n<\/div>\n\n\n\n<div class=\"wp-block-column is-layout-flow wp-block-column-is-layout-flow\">\n<figure class=\"wp-block-image size-large is-resized is-style-default\"><img decoding=\"async\" src=\"http:\/\/www.teosteknik.com\/wp-content\/uploads\/2020\/03\/slider4.jpg\" alt=\"\" class=\"wp-image-68\" width=\"247\" height=\"64\" srcset=\"https:\/\/www.teosteknik.com\/wp-content\/uploads\/2020\/03\/slider4.jpg 322w, https:\/\/www.teosteknik.com\/wp-content\/uploads\/2020\/03\/slider4-300x78.jpg 300w\" sizes=\"(max-width: 247px) 100vw, 247px\" \/><\/figure>\n\n\n\n<p><\/p>\n<\/div>\n<\/div>\n","protected":false},"excerpt":{"rendered":"","protected":false},"author":1,"featured_media":0,"parent":149,"menu_order":0,"comment_status":"closed","ping_status":"closed","template":"","meta":{"footnotes":""},"class_list":["post-250","page","type-page","status-publish","hentry"],"jetpack_sharing_enabled":true,"_links":{"self":[{"href":"https:\/\/www.teosteknik.com\/index.php\/wp-json\/wp\/v2\/pages\/250","targetHints":{"allow":["GET"]}}],"collection":[{"href":"https:\/\/www.teosteknik.com\/index.php\/wp-json\/wp\/v2\/pages"}],"about":[{"href":"https:\/\/www.teosteknik.com\/index.php\/wp-json\/wp\/v2\/types\/page"}],"author":[{"embeddable":true,"href":"https:\/\/www.teosteknik.com\/index.php\/wp-json\/wp\/v2\/users\/1"}],"replies":[{"embeddable":true,"href":"https:\/\/www.teosteknik.com\/index.php\/wp-json\/wp\/v2\/comments?post=250"}],"version-history":[{"count":7,"href":"https:\/\/www.teosteknik.com\/index.php\/wp-json\/wp\/v2\/pages\/250\/revisions"}],"predecessor-version":[{"id":331,"href":"https:\/\/www.teosteknik.com\/index.php\/wp-json\/wp\/v2\/pages\/250\/revisions\/331"}],"up":[{"embeddable":true,"href":"https:\/\/www.teosteknik.com\/index.php\/wp-json\/wp\/v2\/pages\/149"}],"wp:attachment":[{"href":"https:\/\/www.teosteknik.com\/index.php\/wp-json\/wp\/v2\/media?parent=250"}],"curies":[{"name":"wp","href":"https:\/\/api.w.org\/{rel}","templated":true}]}}