{"id":149,"date":"2020-03-19T22:26:32","date_gmt":"2020-03-19T19:26:32","guid":{"rendered":"http:\/\/www.teosteknik.com\/?page_id=149"},"modified":"2020-04-06T23:22:25","modified_gmt":"2020-04-06T20:22:25","slug":"urunlerimiz","status":"publish","type":"page","link":"https:\/\/www.teosteknik.com\/index.php\/urunlerimiz\/","title":{"rendered":"\u00dcR\u00dcNLER\u0130M\u0130Z"},"content":{"rendered":"\n<div class=\"wp-block-columns alignfull is-layout-flex wp-container-core-columns-is-layout-9d6595d7 wp-block-columns-is-layout-flex\">\n<div class=\"wp-block-column is-layout-flow wp-block-column-is-layout-flow\">\n<h2 id=\"wp-block-themeisle-blocks-advanced-heading-e0673790\" class=\"wp-block-themeisle-blocks-advanced-heading wp-block-themeisle-blocks-advanced-heading-e0673790\">EV\u0130N\u0130Z \u0130\u00c7\u0130N<\/h2>\n\n\n\n<figure class=\"wp-block-image size-large is-resized is-style-default\"><a href=\"http:\/\/www.teosteknik.com\/index.php\/urunlerimiz\/eviniz-icin\/\"><img fetchpriority=\"high\" decoding=\"async\" src=\"http:\/\/www.teosteknik.com\/wp-content\/uploads\/2020\/03\/A1.png\" alt=\"\" class=\"wp-image-221\" width=\"395\" height=\"267\" srcset=\"https:\/\/www.teosteknik.com\/wp-content\/uploads\/2020\/03\/A1.png 637w, https:\/\/www.teosteknik.com\/wp-content\/uploads\/2020\/03\/A1-300x203.png 300w, https:\/\/www.teosteknik.com\/wp-content\/uploads\/2020\/03\/A1-600x406.png 600w\" sizes=\"(max-width: 395px) 100vw, 395px\" \/><\/a><\/figure>\n\n\n\n<div class=\"wp-block-buttons aligncenter is-layout-flex wp-block-buttons-is-layout-flex\">\n<div class=\"wp-block-button\"><a class=\"wp-block-button__link has-text-color has-vivid-green-cyan-color has-background has-midnight-gradient-background\" href=\"http:\/\/www.teosteknik.com\/index.php\/urunlerimiz\/eviniz-icin\/york-hitachi-klima\/\" target=\"_blank\" rel=\"http:\/\/www.teosteknik.com\/index.php\/urunlerimiz\/eviniz-icin\/york-hitachi-klima\/ noopener noreferrer\"><strong>KL\u0130MA<\/strong><\/a><\/div>\n\n\n\n<div class=\"wp-block-button\"><a class=\"wp-block-button__link has-text-color has-vivid-cyan-blue-color has-background has-light-green-cyan-to-vivid-green-cyan-gradient-background\" href=\"http:\/\/www.teosteknik.com\/index.php\/urunlerimiz\/isi-pompasi\/\" target=\"_blank\" rel=\"noreferrer noopener\"><strong>ISI POMPASI<\/strong><\/a><\/div>\n<\/div>\n\n\n\n<p><\/p>\n<\/div>\n\n\n\n<div class=\"wp-block-column is-layout-flow wp-block-column-is-layout-flow\">\n<h2 id=\"wp-block-themeisle-blocks-advanced-heading-dfdfca43\" class=\"wp-block-themeisle-blocks-advanced-heading wp-block-themeisle-blocks-advanced-heading-dfdfca43\">\u0130\u015e\u0130N\u0130Z \u0130\u00c7\u0130N<\/h2>\n\n\n\n<figure class=\"wp-block-image size-large is-style-default\"><img decoding=\"async\" width=\"384\" height=\"266\" src=\"http:\/\/www.teosteknik.com\/wp-content\/uploads\/2020\/03\/A2-e1584705208723.jpg\" alt=\"\" class=\"wp-image-222\" srcset=\"https:\/\/www.teosteknik.com\/wp-content\/uploads\/2020\/03\/A2-e1584705208723.jpg 384w, https:\/\/www.teosteknik.com\/wp-content\/uploads\/2020\/03\/A2-e1584705208723-300x208.jpg 300w\" sizes=\"(max-width: 384px) 100vw, 384px\" \/><\/figure>\n\n\n\n<div class=\"wp-block-buttons aligncenter is-layout-flex wp-block-buttons-is-layout-flex\">\n<div class=\"wp-block-button\"><a class=\"wp-block-button__link has-text-color has-vivid-green-cyan-color has-background has-midnight-gradient-background\" href=\"http:\/\/www.teosteknik.com\/index.php\/urunlerimiz\/york-hitachi-klima\/\" target=\"_blank\" rel=\"noreferrer noopener\"><strong>KL\u0130MA<\/strong><\/a><\/div>\n\n\n\n<div class=\"wp-block-button\"><a class=\"wp-block-button__link has-text-color has-vivid-cyan-blue-color has-background has-light-green-cyan-to-vivid-green-cyan-gradient-background\" href=\"http:\/\/www.teosteknik.com\/index.php\/urunlerimiz\/isi-pompasi\/\" target=\"_blank\" rel=\"noreferrer noopener\"><strong>ISI POMPASI<\/strong><\/a><\/div>\n<\/div>\n\n\n\n<p><\/p>\n<\/div>\n<\/div>\n\n\n\n<p><\/p>\n","protected":false},"excerpt":{"rendered":"","protected":false},"author":1,"featured_media":0,"parent":0,"menu_order":0,"comment_status":"closed","ping_status":"closed","template":"","meta":{"footnotes":""},"class_list":["post-149","page","type-page","status-publish","hentry"],"jetpack_sharing_enabled":true,"_links":{"self":[{"href":"https:\/\/www.teosteknik.com\/index.php\/wp-json\/wp\/v2\/pages\/149","targetHints":{"allow":["GET"]}}],"collection":[{"href":"https:\/\/www.teosteknik.com\/index.php\/wp-json\/wp\/v2\/pages"}],"about":[{"href":"https:\/\/www.teosteknik.com\/index.php\/wp-json\/wp\/v2\/types\/page"}],"author":[{"embeddable":true,"href":"https:\/\/www.teosteknik.com\/index.php\/wp-json\/wp\/v2\/users\/1"}],"replies":[{"embeddable":true,"href":"https:\/\/www.teosteknik.com\/index.php\/wp-json\/wp\/v2\/comments?post=149"}],"version-history":[{"count":16,"href":"https:\/\/www.teosteknik.com\/index.php\/wp-json\/wp\/v2\/pages\/149\/revisions"}],"predecessor-version":[{"id":316,"href":"https:\/\/www.teosteknik.com\/index.php\/wp-json\/wp\/v2\/pages\/149\/revisions\/316"}],"wp:attachment":[{"href":"https:\/\/www.teosteknik.com\/index.php\/wp-json\/wp\/v2\/media?parent=149"}],"curies":[{"name":"wp","href":"https:\/\/api.w.org\/{rel}","templated":true}]}}