{"id":150,"date":"2020-03-19T22:26:32","date_gmt":"2020-03-19T19:26:32","guid":{"rendered":"http:\/\/www.teosteknik.com\/?page_id=150"},"modified":"2021-07-30T23:25:57","modified_gmt":"2021-07-30T20:25:57","slug":"iletisim","status":"publish","type":"page","link":"http:\/\/www.teosteknik.com\/index.php\/iletisim\/","title":{"rendered":"\u0130LET\u0130\u015e\u0130M"},"content":{"rendered":"\n<div class=\"wp-block-columns is-layout-flex wp-container-core-columns-is-layout-9d6595d7 wp-block-columns-is-layout-flex\">\n<div class=\"wp-block-column is-layout-flow wp-block-column-is-layout-flow\" style=\"flex-basis:100%\">\n<div class=\"wp-block-columns is-layout-flex wp-container-core-columns-is-layout-9d6595d7 wp-block-columns-is-layout-flex\">\n<div class=\"wp-block-column is-layout-flow wp-block-column-is-layout-flow\" style=\"flex-basis:100%\">\n<div class=\"wp-block-group\"><div class=\"wp-block-group__inner-container is-layout-flow wp-block-group-is-layout-flow\">\n<figure class=\"wp-block-image size-large is-style-default\"><img fetchpriority=\"high\" decoding=\"async\" width=\"976\" height=\"499\" src=\"http:\/\/www.teosteknik.com\/wp-content\/uploads\/2020\/02\/TEOS-TEKN\u0130K-BELGE-\u00dcST\u00dc.jpg\" alt=\"\" class=\"wp-image-46\" srcset=\"http:\/\/www.teosteknik.com\/wp-content\/uploads\/2020\/02\/TEOS-TEKN\u0130K-BELGE-\u00dcST\u00dc.jpg 976w, http:\/\/www.teosteknik.com\/wp-content\/uploads\/2020\/02\/TEOS-TEKN\u0130K-BELGE-\u00dcST\u00dc-300x153.jpg 300w, http:\/\/www.teosteknik.com\/wp-content\/uploads\/2020\/02\/TEOS-TEKN\u0130K-BELGE-\u00dcST\u00dc-768x393.jpg 768w, http:\/\/www.teosteknik.com\/wp-content\/uploads\/2020\/02\/TEOS-TEKN\u0130K-BELGE-\u00dcST\u00dc-600x307.jpg 600w\" sizes=\"(max-width: 976px) 100vw, 976px\" \/><\/figure>\n<\/div><\/div>\n<\/div>\n<\/div>\n<\/div>\n<\/div>\n\n\n\n<div class=\"wp-block-columns alignfull is-layout-flex wp-container-core-columns-is-layout-9d6595d7 wp-block-columns-is-layout-flex\">\n<div class=\"wp-block-column is-layout-flow wp-block-column-is-layout-flow\">\n<h4 id=\"wp-block-themeisle-blocks-advanced-heading-c3788997\" class=\"wp-block-themeisle-blocks-advanced-heading wp-block-themeisle-blocks-advanced-heading-c3788997\"><strong>TEOS TEKN\u0130K<\/strong><br>Camikebir Mahallesi<br>32\/3 Sokak No:1-B<br>Seferihisar-\u0130ZM\u0130R<br><strong>Ma\u011faza Tel :<\/strong> 0 232 743 46 40<br><strong>Sat\u0131\u015f Mobil Tel :<\/strong> 0 553 050 86 30<br><strong>Mail :<\/strong> info@teosteknik.com<\/h4>\n\n\n\n<p><\/p>\n\n\n\n<div class=\"wp-block-media-text alignwide is-stacked-on-mobile is-vertically-aligned-center\"><figure class=\"wp-block-media-text__media\"><a href=\"http:\/\/www.urlaprotek.com\/\"><img decoding=\"async\" width=\"430\" height=\"134\" src=\"http:\/\/www.teosteknik.com\/wp-content\/uploads\/Ana-Logo.png\" alt=\"\" class=\"wp-image-418 size-full\" srcset=\"http:\/\/www.teosteknik.com\/wp-content\/uploads\/Ana-Logo.png 430w, http:\/\/www.teosteknik.com\/wp-content\/uploads\/Ana-Logo-300x93.png 300w\" sizes=\"(max-width: 430px) 100vw, 430px\" \/><\/a><\/figure><div class=\"wp-block-media-text__content\">\n<p class=\"has-large-font-size\">TEKN\u0130K SERV\u0130S<\/p>\n\n\n\n<p>SERV\u0130S H\u0130ZMETLER\u0130 \u0130\u00c7\u0130N ARAYINIZ<\/p>\n\n\n\n<p><strong>0 537 299 47 54<\/strong><\/p>\n<\/div><\/div>\n<\/div>\n\n\n\n<div class=\"wp-block-column is-layout-flow wp-block-column-is-layout-flow\">\n<figure class=\"wp-block-image size-large is-style-default\"><a href=\"https:\/\/www.google.com\/maps\/place\/Teos+Teknik\/@38.1977765,26.8380774,17z\/data=!3m1!4b1!4m5!3m4!1s0x14bbf2f91a668dcb:0xcc6cfe6b7a7e4a3e!8m2!3d38.1977723!4d26.8402661\" target=\"_blank\" rel=\"noreferrer noopener\"><img decoding=\"async\" width=\"592\" height=\"291\" src=\"http:\/\/www.teosteknik.com\/wp-content\/uploads\/2020\/03\/2020-01-19-2.png\" alt=\"\" class=\"wp-image-180\" srcset=\"http:\/\/www.teosteknik.com\/wp-content\/uploads\/2020\/03\/2020-01-19-2.png 592w, http:\/\/www.teosteknik.com\/wp-content\/uploads\/2020\/03\/2020-01-19-2-300x147.png 300w\" sizes=\"(max-width: 592px) 100vw, 592px\" \/><\/a><\/figure>\n\n\n\n<p><\/p>\n<\/div>\n<\/div>\n\n\n\n<p><\/p>\n","protected":false},"excerpt":{"rendered":"<p>TEKN\u0130K SERV\u0130S SERV\u0130S H\u0130ZMETLER\u0130 \u0130\u00c7\u0130N ARAYINIZ 0 537 299 47 54<\/p>\n","protected":false},"author":1,"featured_media":0,"parent":0,"menu_order":0,"comment_status":"closed","ping_status":"closed","template":"","meta":{"footnotes":""},"class_list":["post-150","page","type-page","status-publish","hentry"],"jetpack_sharing_enabled":true,"_links":{"self":[{"href":"http:\/\/www.teosteknik.com\/index.php\/wp-json\/wp\/v2\/pages\/150","targetHints":{"allow":["GET"]}}],"collection":[{"href":"http:\/\/www.teosteknik.com\/index.php\/wp-json\/wp\/v2\/pages"}],"about":[{"href":"http:\/\/www.teosteknik.com\/index.php\/wp-json\/wp\/v2\/types\/page"}],"author":[{"embeddable":true,"href":"http:\/\/www.teosteknik.com\/index.php\/wp-json\/wp\/v2\/users\/1"}],"replies":[{"embeddable":true,"href":"http:\/\/www.teosteknik.com\/index.php\/wp-json\/wp\/v2\/comments?post=150"}],"version-history":[{"count":9,"href":"http:\/\/www.teosteknik.com\/index.php\/wp-json\/wp\/v2\/pages\/150\/revisions"}],"predecessor-version":[{"id":431,"href":"http:\/\/www.teosteknik.com\/index.php\/wp-json\/wp\/v2\/pages\/150\/revisions\/431"}],"wp:attachment":[{"href":"http:\/\/www.teosteknik.com\/index.php\/wp-json\/wp\/v2\/media?parent=150"}],"curies":[{"name":"wp","href":"https:\/\/api.w.org\/{rel}","templated":true}]}}